{"id":10267,"date":"2025-12-09T12:54:47","date_gmt":"2025-12-09T12:54:47","guid":{"rendered":"https:\/\/momentocubano.com\/bachata-merengue\/"},"modified":"2026-04-22T14:18:50","modified_gmt":"2026-04-22T14:18:50","slug":"bachata-merengue","status":"publish","type":"page","link":"https:\/\/momentocubano.com\/en\/bachata-merengue\/","title":{"rendered":"Bachata &amp; Merengue"},"content":{"rendered":"\t\t<div data-elementor-type=\"wp-post\" data-elementor-id=\"10267\" class=\"elementor elementor-10267 elementor-1948\" data-elementor-post-type=\"page\">\n\t\t\t\t<div class=\"elementor-element elementor-element-ecdc542 e-flex e-con-boxed e-con e-parent\" data-id=\"ecdc542\" data-element_type=\"container\" data-e-type=\"container\" data-settings=\"{&quot;background_background&quot;:&quot;classic&quot;}\">\n\t\t\t\t\t<div class=\"e-con-inner\">\n\t\t\t\t<div class=\"elementor-element elementor-element-c607c23 elementor-widget elementor-widget-heading\" data-id=\"c607c23\" data-element_type=\"widget\" data-e-type=\"widget\" data-widget_type=\"heading.default\">\n\t\t\t\t<div class=\"elementor-widget-container\">\n\t\t\t\t\t<h1 class=\"elementor-heading-title elementor-size-default\">Bachata y Merengue<\/h1>\t\t\t\t<\/div>\n\t\t\t\t<\/div>\n\t\t\t\t\t<\/div>\n\t\t\t\t<\/div>\n\t\t<div class=\"elementor-element elementor-element-1ea260a elementor-hidden-desktop elementor-hidden-tablet elementor-hidden-mobile e-flex e-con-boxed e-con e-parent\" data-id=\"1ea260a\" data-element_type=\"container\" data-e-type=\"container\">\n\t\t\t\t\t<div class=\"e-con-inner\">\n\t\t<div class=\"elementor-element elementor-element-53e9612 e-con-full e-flex e-con e-child\" data-id=\"53e9612\" data-element_type=\"container\" data-e-type=\"container\">\n\t\t\t\t<div class=\"elementor-element elementor-element-9db05f7 elementor-widget-divider--view-line elementor-widget elementor-widget-divider\" data-id=\"9db05f7\" data-element_type=\"widget\" data-e-type=\"widget\" data-widget_type=\"divider.default\">\n\t\t\t\t<div class=\"elementor-widget-container\">\n\t\t\t\t\t\t\t<div class=\"elementor-divider\">\n\t\t\t<span class=\"elementor-divider-separator\">\n\t\t\t\t\t\t<\/span>\n\t\t<\/div>\n\t\t\t\t\t\t<\/div>\n\t\t\t\t<\/div>\n\t\t\t\t<div class=\"elementor-element elementor-element-7179047 elementor-widget elementor-widget-heading\" data-id=\"7179047\" data-element_type=\"widget\" data-e-type=\"widget\" data-widget_type=\"heading.default\">\n\t\t\t\t<div class=\"elementor-widget-container\">\n\t\t\t\t\t<h2 class=\"elementor-heading-title elementor-size-default\">Current Salsa Cubana Courses<\/h2>\t\t\t\t<\/div>\n\t\t\t\t<\/div>\n\t\t\t\t<div class=\"elementor-element elementor-element-e1e09c2 elementor-widget elementor-widget-text-editor\" data-id=\"e1e09c2\" data-element_type=\"widget\" data-e-type=\"widget\" data-widget_type=\"text-editor.default\">\n\t\t\t\t<div class=\"elementor-widget-container\">\n\t\t\t\t\t\t\t\t\t<div class=\"en-accordion\"><div class=\"en-acc-section en-acc-open\">\t<div class=\"en-acc-heading\"><h3>Son Cubano Fortgeschritten<\/h3><svg id=\"Ebene_1\" xmlns=\"http:\/\/www.w3.org\/2000\/svg\" xmlns:xlink=\"http:\/\/www.w3.org\/1999\/xlink\" x=\"0px\" y=\"0px\" viewBox=\"0 0 21.47 12.38\" xml:space=\"preserve\" width=\"20\" height=\"20\">\n<polygon fill=\"#003039\" points=\"20.04,12.38 10.74,2.86 1.43,12.38 0,10.98 10.74,0 21.47,10.98 \"><\/polygon>\n<\/svg>\t<\/div>\t<div class=\"en-acc-content\"><div class=\"kursstufenintro\" style=\"font-weight: bold;\"><p>Performer: Abruf der Kenntnisse, Intermediate- bis Advanced-Level, Nachvollzug von Choreografien, Formationen und \u00dcberg\u00e4ngen<\/p><\/div><div class=\"kursinfobox\" style=\"text-align: left;\"><p>Dieser Kurs richtet sich an T\u00e4nzerInnen mit soliden Vorkenntnissen im Son Cubano und&nbsp;<\/p><p>Mindest-Salsa Cubana Kenntnisse M2<\/p><p><br><\/p><\/div><div class=\"en-acc-row en-columns-5\"><a href=\"https:\/\/momentocubano.com\/en\/\/kursanmeldung\/?&#038;signup&#038;meineanmeldungzu=1253\" class=\"kursanmeldelink\" data-kursnr=\"1253\"><div class=\"kurswtag\">Montags<\/div><div class=\"vonbis\">04.05.2026 bis 25.05.2026<\/div><div class=\"lektionen\">4 x 60 Min.<\/div><div class=\"zeiten\">19:45 bis 20:45<\/div><\/a><\/div><\/div><\/div><div class=\"en-acc-section en-acc-open\">\t<div class=\"en-acc-heading\"><h3>Son-Workshop f\u00fcr Einsteiger<\/h3><svg id=\"Ebene_1\" xmlns=\"http:\/\/www.w3.org\/2000\/svg\" xmlns:xlink=\"http:\/\/www.w3.org\/1999\/xlink\" x=\"0px\" y=\"0px\" viewBox=\"0 0 21.47 12.38\" xml:space=\"preserve\" width=\"20\" height=\"20\">\n<polygon fill=\"#003039\" points=\"20.04,12.38 10.74,2.86 1.43,12.38 0,10.98 10.74,0 21.47,10.98 \"><\/polygon>\n<\/svg>\t<\/div>\t<div class=\"en-acc-content\"><div class=\"kursstufenintro\" style=\"font-weight: bold;\"><p>Hier liegt der Fokus auf Flexibilit\u00e4t, Spa\u00df und individuellem Lerntempo.<\/p><\/div><div class=\"en-acc-row en-columns-5\"><a href=\"https:\/\/momentocubano.com\/en\/\/kursanmeldung\/?&#038;signup&#038;meineanmeldungzu=1282\" class=\"kursanmeldelink\" data-kursnr=\"1282\"><div class=\"kurswtag\">Sonntag<\/div><div class=\"vonbis\">17.05.2026<\/div><div class=\"lektionen\">1 x 120 Min.<\/div><div class=\"zeiten\">14:30 bis 16:30<\/div><\/a><\/div><\/div><\/div><\/div>\t\t\t\t\t\t\t\t<\/div>\n\t\t\t\t<\/div>\n\t\t\t\t<div class=\"elementor-element elementor-element-18e4ffe elementor-widget elementor-widget-text-editor\" data-id=\"18e4ffe\" data-element_type=\"widget\" data-e-type=\"widget\" data-widget_type=\"text-editor.default\">\n\t\t\t\t<div class=\"elementor-widget-container\">\n\t\t\t\t\t\t\t\t\t<div class=\"en-accordion\"><div class=\"en-acc-section en-acc-open\">\t<div class=\"en-acc-heading\"><h3>Salsa Cubano Anf\u00e4nger A3 (4)<\/h3><svg id=\"Ebene_1\" xmlns=\"http:\/\/www.w3.org\/2000\/svg\" xmlns:xlink=\"http:\/\/www.w3.org\/1999\/xlink\" x=\"0px\" y=\"0px\" viewBox=\"0 0 21.47 12.38\" xml:space=\"preserve\" width=\"20\" height=\"20\">\n<polygon fill=\"#003039\" points=\"20.04,12.38 10.74,2.86 1.43,12.38 0,10.98 10.74,0 21.47,10.98 \"><\/polygon>\n<\/svg>\t<\/div>\t<div class=\"en-acc-content\"><div class=\"kursstufenintro\" style=\"font-weight: bold;\"><p>Developer: Ausbau der A2-Grundkenntnisse<\/p><\/div><div class=\"en-acc-row en-columns-5\"><a href=\"https:\/\/momentocubano.com\/en\/\/kursanmeldung\/?&#038;signup&#038;meineanmeldungzu=1260\" class=\"kursanmeldelink\" data-kursnr=\"1260\"><div class=\"kurswtag\">Mittwochs<\/div><div class=\"vonbis\">06.05.2026 bis 27.05.2026<\/div><div class=\"lektionen\">4 x 60 Min.<\/div><div class=\"zeiten\">21:00 bis 22:00<\/div><\/a><\/div><\/div><\/div><div class=\"en-acc-section en-acc-open\">\t<div class=\"en-acc-heading\"><h3>Rueda f\u00fcr Einsteiger Workshop<\/h3><svg id=\"Ebene_1\" xmlns=\"http:\/\/www.w3.org\/2000\/svg\" xmlns:xlink=\"http:\/\/www.w3.org\/1999\/xlink\" x=\"0px\" y=\"0px\" viewBox=\"0 0 21.47 12.38\" xml:space=\"preserve\" width=\"20\" height=\"20\">\n<polygon fill=\"#003039\" points=\"20.04,12.38 10.74,2.86 1.43,12.38 0,10.98 10.74,0 21.47,10.98 \"><\/polygon>\n<\/svg>\t<\/div>\t<div class=\"en-acc-content\"><div class=\"kursstufenintro\" style=\"font-weight: bold;\"><p>Builder: solide bis fortgeschrittene Technik, gute Musikalit\u00e4t<\/p><\/div><div class=\"en-acc-row en-columns-5\"><a href=\"https:\/\/momentocubano.com\/en\/\/kursanmeldung\/?&#038;signup&#038;meineanmeldungzu=1273\" class=\"kursanmeldelink\" data-kursnr=\"1273\"><div class=\"kurswtag\">Sonntag<\/div><div class=\"vonbis\">10.05.2026<\/div><div class=\"lektionen\">1 x 120 Min.<\/div><div class=\"zeiten\">12:00 bis 14:00<\/div><\/a><\/div><\/div><\/div><div class=\"en-acc-section en-acc-open\">\t<div class=\"en-acc-heading\"><h3>Abakua Workshop &#8211; only for men &#8211; Open Level<\/h3><svg id=\"Ebene_1\" xmlns=\"http:\/\/www.w3.org\/2000\/svg\" xmlns:xlink=\"http:\/\/www.w3.org\/1999\/xlink\" x=\"0px\" y=\"0px\" viewBox=\"0 0 21.47 12.38\" xml:space=\"preserve\" width=\"20\" height=\"20\">\n<polygon fill=\"#003039\" points=\"20.04,12.38 10.74,2.86 1.43,12.38 0,10.98 10.74,0 21.47,10.98 \"><\/polygon>\n<\/svg>\t<\/div>\t<div class=\"en-acc-content\"><div class=\"kursstufenintro\" style=\"font-weight: bold;\"><p>Hier liegt der Fokus auf Flexibilit\u00e4t, Spa\u00df und individuellem Lerntempo.<\/p><\/div><div class=\"kursinfobox\" style=\"text-align: left;\"><p>Abaku\u00e1 ist ein kraftvoller afro-kubanischer Tanz mit tiefen rituellen und kulturellen Wurzeln. In diesem Kurs besch\u00e4ftigen sich die Teilnehmenden mit den Bewegungsprinzipien, der Energie und dem Rhythmus des Abaku\u00e1-Stils, der besonders durch St\u00e4rke, Erdung und pr\u00e4zise K\u00f6rperspannung gekennzeichnet ist.<\/p><\/div><div class=\"en-acc-row en-columns-5\"><a href=\"https:\/\/momentocubano.com\/en\/\/kursanmeldung\/?&#038;signup&#038;meineanmeldungzu=1275\" class=\"kursanmeldelink\" data-kursnr=\"1275\"><div class=\"kurswtag\">Sonntag<\/div><div class=\"vonbis\">17.05.2026<\/div><div class=\"lektionen\">1 x 120 Min.<\/div><div class=\"zeiten\">16:45 bis 18:45<\/div><\/a><\/div><\/div><\/div><\/div>\t\t\t\t\t\t\t\t<\/div>\n\t\t\t\t<\/div>\n\t\t\t\t<\/div>\n\t\t\t\t\t<\/div>\n\t\t\t\t<\/div>\n\t\t<div class=\"elementor-element elementor-element-8028a7b elementor-hidden-desktop elementor-hidden-tablet elementor-hidden-mobile e-flex e-con-boxed e-con e-parent\" data-id=\"8028a7b\" data-element_type=\"container\" data-e-type=\"container\">\n\t\t\t\t\t<div class=\"e-con-inner\">\n\t\t<div class=\"elementor-element elementor-element-5dcfbcb e-con-full e-flex e-con e-child\" data-id=\"5dcfbcb\" data-element_type=\"container\" data-e-type=\"container\">\n\t\t\t\t<div class=\"elementor-element elementor-element-e057480 elementor-widget-divider--view-line elementor-widget elementor-widget-divider\" data-id=\"e057480\" data-element_type=\"widget\" data-e-type=\"widget\" data-widget_type=\"divider.default\">\n\t\t\t\t<div class=\"elementor-widget-container\">\n\t\t\t\t\t\t\t<div class=\"elementor-divider\">\n\t\t\t<span class=\"elementor-divider-separator\">\n\t\t\t\t\t\t<\/span>\n\t\t<\/div>\n\t\t\t\t\t\t<\/div>\n\t\t\t\t<\/div>\n\t\t\t\t<div class=\"elementor-element elementor-element-6af56f4 elementor-widget elementor-widget-text-editor\" data-id=\"6af56f4\" data-element_type=\"widget\" data-e-type=\"widget\" data-widget_type=\"text-editor.default\">\n\t\t\t\t<div class=\"elementor-widget-container\">\n\t\t\t\t\t\t\t\t\t<p><strong style=\"font-weight: 700\"><span style=\"font-size: 18px\">UNESCO Weltkulturerbe &#8211; Patrimonio de la Humanidad<\/span><\/strong><\/p><p><br><\/p><p>Sowohl die&nbsp;<strong style=\"font-weight: 700\">Bachata Dominicana<\/strong>&nbsp;&#8211; Nomen est Omen &#8211; als auch der&nbsp;<strong style=\"font-weight: 700\">Merengue <\/strong>stammen aus der Dominikanischen Republik.<\/p><p>Ebenso wie die Rumba Cubana wurden die Merengue-Musik als auch der Merengue-Tanz im Jahr 2016 in die Repr\u00e4sentative Liste des immateriellen Kulturerbes der Menschheit als UNESCO-Weltkulturerbe aufgenommen. In 2019 kamen sowohl die Bachata-Musik als auch der Bachata-Tanz hinzu.<\/p>\t\t\t\t\t\t\t\t<\/div>\n\t\t\t\t<\/div>\n\t\t\t\t<div class=\"elementor-element elementor-element-864ed39 elementor-widget elementor-widget-text-editor\" data-id=\"864ed39\" data-element_type=\"widget\" data-e-type=\"widget\" data-widget_type=\"text-editor.default\">\n\t\t\t\t<div class=\"elementor-widget-container\">\n\t\t\t\t\t\t\t\t\t<div class=\"en-accordion\"><div class=\"en-acc-section en-acc-open\">\t<div class=\"en-acc-heading\"><h3>Salsa Cubano Anf\u00e4nger A3 (4)<\/h3><svg id=\"Ebene_1\" xmlns=\"http:\/\/www.w3.org\/2000\/svg\" xmlns:xlink=\"http:\/\/www.w3.org\/1999\/xlink\" x=\"0px\" y=\"0px\" viewBox=\"0 0 21.47 12.38\" xml:space=\"preserve\" width=\"20\" height=\"20\">\n<polygon fill=\"#003039\" points=\"20.04,12.38 10.74,2.86 1.43,12.38 0,10.98 10.74,0 21.47,10.98 \"><\/polygon>\n<\/svg>\t<\/div>\t<div class=\"en-acc-content\"><div class=\"kursstufenintro\" style=\"font-weight: bold;\"><p>Developer: Ausbau der A2-Grundkenntnisse<\/p><\/div><div class=\"en-acc-row en-columns-5\"><a href=\"https:\/\/momentocubano.com\/en\/\/kursanmeldung\/?&#038;signup&#038;meineanmeldungzu=1260\" class=\"kursanmeldelink\" data-kursnr=\"1260\"><div class=\"kurswtag\">Mittwochs<\/div><div class=\"vonbis\">06.05.2026 bis 27.05.2026<\/div><div class=\"lektionen\">4 x 60 Min.<\/div><div class=\"zeiten\">21:00 bis 22:00<\/div><\/a><\/div><\/div><\/div><div class=\"en-acc-section en-acc-open\">\t<div class=\"en-acc-heading\"><h3>Rueda f\u00fcr Einsteiger Workshop<\/h3><svg id=\"Ebene_1\" xmlns=\"http:\/\/www.w3.org\/2000\/svg\" xmlns:xlink=\"http:\/\/www.w3.org\/1999\/xlink\" x=\"0px\" y=\"0px\" viewBox=\"0 0 21.47 12.38\" xml:space=\"preserve\" width=\"20\" height=\"20\">\n<polygon fill=\"#003039\" points=\"20.04,12.38 10.74,2.86 1.43,12.38 0,10.98 10.74,0 21.47,10.98 \"><\/polygon>\n<\/svg>\t<\/div>\t<div class=\"en-acc-content\"><div class=\"kursstufenintro\" style=\"font-weight: bold;\"><p>Builder: solide bis fortgeschrittene Technik, gute Musikalit\u00e4t<\/p><\/div><div class=\"en-acc-row en-columns-5\"><a href=\"https:\/\/momentocubano.com\/en\/\/kursanmeldung\/?&#038;signup&#038;meineanmeldungzu=1273\" class=\"kursanmeldelink\" data-kursnr=\"1273\"><div class=\"kurswtag\">Sonntag<\/div><div class=\"vonbis\">10.05.2026<\/div><div class=\"lektionen\">1 x 120 Min.<\/div><div class=\"zeiten\">12:00 bis 14:00<\/div><\/a><\/div><\/div><\/div><div class=\"en-acc-section en-acc-open\">\t<div class=\"en-acc-heading\"><h3>Abakua Workshop &#8211; only for men &#8211; Open Level<\/h3><svg id=\"Ebene_1\" xmlns=\"http:\/\/www.w3.org\/2000\/svg\" xmlns:xlink=\"http:\/\/www.w3.org\/1999\/xlink\" x=\"0px\" y=\"0px\" viewBox=\"0 0 21.47 12.38\" xml:space=\"preserve\" width=\"20\" height=\"20\">\n<polygon fill=\"#003039\" points=\"20.04,12.38 10.74,2.86 1.43,12.38 0,10.98 10.74,0 21.47,10.98 \"><\/polygon>\n<\/svg>\t<\/div>\t<div class=\"en-acc-content\"><div class=\"kursstufenintro\" style=\"font-weight: bold;\"><p>Hier liegt der Fokus auf Flexibilit\u00e4t, Spa\u00df und individuellem Lerntempo.<\/p><\/div><div class=\"kursinfobox\" style=\"text-align: left;\"><p>Abaku\u00e1 ist ein kraftvoller afro-kubanischer Tanz mit tiefen rituellen und kulturellen Wurzeln. In diesem Kurs besch\u00e4ftigen sich die Teilnehmenden mit den Bewegungsprinzipien, der Energie und dem Rhythmus des Abaku\u00e1-Stils, der besonders durch St\u00e4rke, Erdung und pr\u00e4zise K\u00f6rperspannung gekennzeichnet ist.<\/p><\/div><div class=\"en-acc-row en-columns-5\"><a href=\"https:\/\/momentocubano.com\/en\/\/kursanmeldung\/?&#038;signup&#038;meineanmeldungzu=1275\" class=\"kursanmeldelink\" data-kursnr=\"1275\"><div class=\"kurswtag\">Sonntag<\/div><div class=\"vonbis\">17.05.2026<\/div><div class=\"lektionen\">1 x 120 Min.<\/div><div class=\"zeiten\">16:45 bis 18:45<\/div><\/a><\/div><\/div><\/div><\/div>\t\t\t\t\t\t\t\t<\/div>\n\t\t\t\t<\/div>\n\t\t\t\t<\/div>\n\t\t\t\t\t<\/div>\n\t\t\t\t<\/div>\n\t\t<div class=\"elementor-element elementor-element-c413548 e-flex e-con-boxed e-con e-parent\" data-id=\"c413548\" data-element_type=\"container\" data-e-type=\"container\">\n\t\t\t\t\t<div class=\"e-con-inner\">\n\t\t\t\t<div class=\"elementor-element elementor-element-32e07c4 elementor-widget elementor-widget-shortcode\" data-id=\"32e07c4\" data-element_type=\"widget\" data-e-type=\"widget\" data-widget_type=\"shortcode.default\">\n\t\t\t\t<div class=\"elementor-widget-container\">\n\t\t\t\t\t\t\t<div class=\"elementor-shortcode\"><div class=\"en-accordion\"><div class=\"en-acc-section en-acc-open\">\t<div class=\"en-acc-heading\"><h3>Bachata Suelta Mittelstufe<\/h3><svg id=\"Ebene_1\" xmlns=\"http:\/\/www.w3.org\/2000\/svg\" xmlns:xlink=\"http:\/\/www.w3.org\/1999\/xlink\" x=\"0px\" y=\"0px\" viewBox=\"0 0 21.47 12.38\" xml:space=\"preserve\" width=\"20\" height=\"20\">\n<polygon fill=\"#003039\" points=\"20.04,12.38 10.74,2.86 1.43,12.38 0,10.98 10.74,0 21.47,10.98 \"><\/polygon>\n<\/svg>\t<\/div>\t<div class=\"en-acc-content\"><div class=\"kursstufenintro\" style=\"font-weight: bold;\"><p>Builder: solide bis fortgeschrittene Technik, gute Musikalit\u00e4t<\/p><\/div><div class=\"en-acc-row en-columns-5\"><a href=\"https:\/\/momentocubano.com\/en\/\/kursanmeldung\/?&signup&meineanmeldungzu=1267\" class=\"kursanmeldelink\" data-kursnr=\"1267\"><div class=\"kurswtag\">Donnerstags<\/div><div class=\"vonbis\">07.05.2026 bis 28.05.2026<\/div><div class=\"lektionen\">4 x 60 Min.<\/div><div class=\"zeiten\">21:00 bis 22:00<\/div><\/a><\/div><\/div><\/div><div class=\"en-acc-section en-acc-open\">\t<div class=\"en-acc-heading\"><h3>Bachata Moderna Einsteiger<\/h3><svg id=\"Ebene_1\" xmlns=\"http:\/\/www.w3.org\/2000\/svg\" xmlns:xlink=\"http:\/\/www.w3.org\/1999\/xlink\" x=\"0px\" y=\"0px\" viewBox=\"0 0 21.47 12.38\" xml:space=\"preserve\" width=\"20\" height=\"20\">\n<polygon fill=\"#003039\" points=\"20.04,12.38 10.74,2.86 1.43,12.38 0,10.98 10.74,0 21.47,10.98 \"><\/polygon>\n<\/svg>\t<\/div>\t<div class=\"en-acc-content\"><div class=\"en-acc-row en-columns-5\"><a href=\"https:\/\/momentocubano.com\/en\/\/kursanmeldung\/?&signup&meineanmeldungzu=1265\" class=\"kursanmeldelink\" data-kursnr=\"1265\"><div class=\"kurswtag\">Donnerstags<\/div><div class=\"vonbis\">07.05.2026 bis 28.05.2026<\/div><div class=\"lektionen\">4 x 60 Min.<\/div><div class=\"zeiten\">19:45 bis 20:45<\/div><\/a><\/div><\/div><\/div><\/div><\/div>\n\t\t\t\t\t\t<\/div>\n\t\t\t\t<\/div>\n\t\t\t\t\t<\/div>\n\t\t\t\t<\/div>\n\t\t<div class=\"elementor-element elementor-element-aecc67a e-flex e-con-boxed e-con e-parent\" data-id=\"aecc67a\" data-element_type=\"container\" data-e-type=\"container\">\n\t\t\t\t\t<div class=\"e-con-inner\">\n\t\t<div class=\"elementor-element elementor-element-3d81823 e-con-full e-flex e-con e-child\" data-id=\"3d81823\" data-element_type=\"container\" data-e-type=\"container\">\n\t\t\t\t<div class=\"elementor-element elementor-element-bfb99d0 elementor-widget elementor-widget-heading\" data-id=\"bfb99d0\" data-element_type=\"widget\" data-e-type=\"widget\" data-widget_type=\"heading.default\">\n\t\t\t\t<div class=\"elementor-widget-container\">\n\t\t\t\t\t<h2 class=\"elementor-heading-title elementor-size-default\">Interesting facts about Bachata<\/h2>\t\t\t\t<\/div>\n\t\t\t\t<\/div>\n\t\t\t\t<div class=\"elementor-element elementor-element-2581a9b elementor-widget elementor-widget-text-editor\" data-id=\"2581a9b\" data-element_type=\"widget\" data-e-type=\"widget\" data-widget_type=\"text-editor.default\">\n\t\t\t\t<div class=\"elementor-widget-container\">\n\t\t\t\t\t\t\t\t\t<p><strong>UNESCO World Heritage \u2013 Patrimonio de la Humanidad<\/strong><\/p>\t\t\t\t\t\t\t\t<\/div>\n\t\t\t\t<\/div>\n\t\t\t\t<div class=\"elementor-element elementor-element-9e844a8 elementor-widget elementor-widget-text-editor\" data-id=\"9e844a8\" data-element_type=\"widget\" data-e-type=\"widget\" data-widget_type=\"text-editor.default\">\n\t\t\t\t<div class=\"elementor-widget-container\">\n\t\t\t\t\t\t\t\t\t<p>Both <strong>Bachata Dominicana<\/strong> \u2013 nomen est omen \u2013 and <strong>Merengue<\/strong> originate from the Dominican Republic.<\/p><p>Just like Rumba Cubana, Merengue music and dance were added to the Representative List of the Intangible Cultural Heritage of Humanity as a UNESCO World Heritage site in 2016. In 2019, both Bachata music and dance were also included. <\/p>\t\t\t\t\t\t\t\t<\/div>\n\t\t\t\t<\/div>\n\t\t\t\t<\/div>\n\t\t<div class=\"elementor-element elementor-element-3b9c201 e-con-full e-flex e-con e-child\" data-id=\"3b9c201\" data-element_type=\"container\" data-e-type=\"container\">\n\t\t\t\t<\/div>\n\t\t\t\t\t<\/div>\n\t\t\t\t<\/div>\n\t\t\t\t<\/div>\n\t\t\n    <div class=\"xs_social_share_widget xs_share_url after_content \t\tmain_content  wslu-style-1 wslu-share-box-shaped wslu-fill-colored wslu-none wslu-share-horizontal wslu-theme-font-no wslu-main_content\">\n\n\t\t\n        <ul>\n\t\t\t        <\/ul>\n    <\/div> \n","protected":false},"excerpt":{"rendered":"<p>Bachata y Merengue Current Salsa Cubana Courses Interesting facts about Bachata UNESCO World Heritage \u2013 Patrimonio de la Humanidad Both Bachata Dominicana \u2013 nomen est omen \u2013 and Merengue originate from the Dominican Republic. Just like Rumba Cubana, Merengue music and dance were added to the Representative List of the Intangible Cultural Heritage of Humanity [&hellip;]<\/p>\n","protected":false},"author":2,"featured_media":0,"parent":0,"menu_order":0,"comment_status":"closed","ping_status":"closed","template":"elementor_header_footer","meta":{"site-sidebar-layout":"no-sidebar","site-content-layout":"page-builder","ast-site-content-layout":"full-width-container","site-content-style":"unboxed","site-sidebar-style":"unboxed","ast-global-header-display":"","ast-banner-title-visibility":"","ast-main-header-display":"","ast-hfb-above-header-display":"","ast-hfb-below-header-display":"","ast-hfb-mobile-header-display":"","site-post-title":"","ast-breadcrumbs-content":"","ast-featured-img":"disabled","footer-sml-layout":"","ast-disable-related-posts":"","theme-transparent-header-meta":"enabled","adv-header-id-meta":"","stick-header-meta":"","header-above-stick-meta":"","header-main-stick-meta":"","header-below-stick-meta":"","astra-migrate-meta-layouts":"default","ast-page-background-enabled":"default","ast-page-background-meta":{"desktop":{"background-color":"","background-image":"","background-repeat":"repeat","background-position":"center center","background-size":"auto","background-attachment":"scroll","background-type":"","background-media":"","overlay-type":"","overlay-color":"","overlay-opacity":"","overlay-gradient":""},"tablet":{"background-color":"","background-image":"","background-repeat":"repeat","background-position":"center center","background-size":"auto","background-attachment":"scroll","background-type":"","background-media":"","overlay-type":"","overlay-color":"","overlay-opacity":"","overlay-gradient":""},"mobile":{"background-color":"","background-image":"","background-repeat":"repeat","background-position":"center center","background-size":"auto","background-attachment":"scroll","background-type":"","background-media":"","overlay-type":"","overlay-color":"","overlay-opacity":"","overlay-gradient":""}},"ast-content-background-meta":{"desktop":{"background-color":"var(--ast-global-color-5)","background-image":"","background-repeat":"repeat","background-position":"center center","background-size":"auto","background-attachment":"scroll","background-type":"","background-media":"","overlay-type":"","overlay-color":"","overlay-opacity":"","overlay-gradient":""},"tablet":{"background-color":"var(--ast-global-color-5)","background-image":"","background-repeat":"repeat","background-position":"center center","background-size":"auto","background-attachment":"scroll","background-type":"","background-media":"","overlay-type":"","overlay-color":"","overlay-opacity":"","overlay-gradient":""},"mobile":{"background-color":"var(--ast-global-color-5)","background-image":"","background-repeat":"repeat","background-position":"center center","background-size":"auto","background-attachment":"scroll","background-type":"","background-media":"","overlay-type":"","overlay-color":"","overlay-opacity":"","overlay-gradient":""}},"footnotes":""},"class_list":["post-10267","page","type-page","status-publish","hentry"],"_links":{"self":[{"href":"https:\/\/momentocubano.com\/en\/wp-json\/wp\/v2\/pages\/10267","targetHints":{"allow":["GET"]}}],"collection":[{"href":"https:\/\/momentocubano.com\/en\/wp-json\/wp\/v2\/pages"}],"about":[{"href":"https:\/\/momentocubano.com\/en\/wp-json\/wp\/v2\/types\/page"}],"author":[{"embeddable":true,"href":"https:\/\/momentocubano.com\/en\/wp-json\/wp\/v2\/users\/2"}],"replies":[{"embeddable":true,"href":"https:\/\/momentocubano.com\/en\/wp-json\/wp\/v2\/comments?post=10267"}],"version-history":[{"count":1,"href":"https:\/\/momentocubano.com\/en\/wp-json\/wp\/v2\/pages\/10267\/revisions"}],"predecessor-version":[{"id":10287,"href":"https:\/\/momentocubano.com\/en\/wp-json\/wp\/v2\/pages\/10267\/revisions\/10287"}],"wp:attachment":[{"href":"https:\/\/momentocubano.com\/en\/wp-json\/wp\/v2\/media?parent=10267"}],"curies":[{"name":"wp","href":"https:\/\/api.w.org\/{rel}","templated":true}]}}