{"id":10295,"date":"2025-12-09T12:52:40","date_gmt":"2025-12-09T12:52:40","guid":{"rendered":"https:\/\/momentocubano.com\/special-courses\/"},"modified":"2026-04-22T14:19:59","modified_gmt":"2026-04-22T14:19:59","slug":"special-courses","status":"publish","type":"page","link":"https:\/\/momentocubano.com\/en\/special-courses\/","title":{"rendered":"Special courses"},"content":{"rendered":"\t\t<div data-elementor-type=\"wp-post\" data-elementor-id=\"10295\" class=\"elementor elementor-10295 elementor-1940\" data-elementor-post-type=\"page\">\n\t\t\t\t<div class=\"elementor-element elementor-element-11fe279 e-flex e-con-boxed e-con e-parent\" data-id=\"11fe279\" data-element_type=\"container\" data-e-type=\"container\" data-settings=\"{&quot;background_background&quot;:&quot;classic&quot;}\">\n\t\t\t\t\t<div class=\"e-con-inner\">\n\t\t\t\t<div class=\"elementor-element elementor-element-2347987 elementor-widget elementor-widget-heading\" data-id=\"2347987\" data-element_type=\"widget\" data-e-type=\"widget\" data-widget_type=\"heading.default\">\n\t\t\t\t<div class=\"elementor-widget-container\">\n\t\t\t\t\t<h1 class=\"elementor-heading-title elementor-size-default\">Special courses<\/h1>\t\t\t\t<\/div>\n\t\t\t\t<\/div>\n\t\t\t\t\t<\/div>\n\t\t\t\t<\/div>\n\t\t<div class=\"elementor-element elementor-element-1ea260a elementor-hidden-desktop elementor-hidden-tablet elementor-hidden-mobile e-flex e-con-boxed e-con e-parent\" data-id=\"1ea260a\" data-element_type=\"container\" data-e-type=\"container\">\n\t\t\t\t\t<div class=\"e-con-inner\">\n\t\t<div class=\"elementor-element elementor-element-53e9612 e-con-full e-flex e-con e-child\" data-id=\"53e9612\" data-element_type=\"container\" data-e-type=\"container\">\n\t\t\t\t<div class=\"elementor-element elementor-element-9db05f7 elementor-widget-divider--view-line elementor-widget elementor-widget-divider\" data-id=\"9db05f7\" data-element_type=\"widget\" data-e-type=\"widget\" data-widget_type=\"divider.default\">\n\t\t\t\t<div class=\"elementor-widget-container\">\n\t\t\t\t\t\t\t<div class=\"elementor-divider\">\n\t\t\t<span class=\"elementor-divider-separator\">\n\t\t\t\t\t\t<\/span>\n\t\t<\/div>\n\t\t\t\t\t\t<\/div>\n\t\t\t\t<\/div>\n\t\t\t\t<div class=\"elementor-element elementor-element-7179047 elementor-widget elementor-widget-heading\" data-id=\"7179047\" data-element_type=\"widget\" data-e-type=\"widget\" data-widget_type=\"heading.default\">\n\t\t\t\t<div class=\"elementor-widget-container\">\n\t\t\t\t\t<h2 class=\"elementor-heading-title elementor-size-default\">Current Salsa Cubana Courses<\/h2>\t\t\t\t<\/div>\n\t\t\t\t<\/div>\n\t\t\t\t<div class=\"elementor-element elementor-element-18e4ffe elementor-widget elementor-widget-text-editor\" data-id=\"18e4ffe\" data-element_type=\"widget\" data-e-type=\"widget\" data-widget_type=\"text-editor.default\">\n\t\t\t\t<div class=\"elementor-widget-container\">\n\t\t\t\t\t\t\t\t\t<div class=\"en-accordion\"><div class=\"en-acc-section en-acc-open\">\t<div class=\"en-acc-heading\"><h3>Salsa Cubano Anf\u00e4nger A3 (4)<\/h3><svg id=\"Ebene_1\" xmlns=\"http:\/\/www.w3.org\/2000\/svg\" xmlns:xlink=\"http:\/\/www.w3.org\/1999\/xlink\" x=\"0px\" y=\"0px\" viewBox=\"0 0 21.47 12.38\" xml:space=\"preserve\" width=\"20\" height=\"20\">\n<polygon fill=\"#003039\" points=\"20.04,12.38 10.74,2.86 1.43,12.38 0,10.98 10.74,0 21.47,10.98 \"><\/polygon>\n<\/svg>\t<\/div>\t<div class=\"en-acc-content\"><div class=\"kursstufenintro\" style=\"font-weight: bold;\"><p>Developer: Ausbau der A2-Grundkenntnisse<\/p><\/div><div class=\"en-acc-row en-columns-5\"><a href=\"https:\/\/momentocubano.com\/en\/\/kursanmeldung\/?&#038;signup&#038;meineanmeldungzu=1260\" class=\"kursanmeldelink\" data-kursnr=\"1260\"><div class=\"kurswtag\">Mittwochs<\/div><div class=\"vonbis\">06.05.2026 bis 27.05.2026<\/div><div class=\"lektionen\">4 x 60 Min.<\/div><div class=\"zeiten\">21:00 bis 22:00<\/div><\/a><\/div><\/div><\/div><div class=\"en-acc-section en-acc-open\">\t<div class=\"en-acc-heading\"><h3>Rueda f\u00fcr Einsteiger Workshop<\/h3><svg id=\"Ebene_1\" xmlns=\"http:\/\/www.w3.org\/2000\/svg\" xmlns:xlink=\"http:\/\/www.w3.org\/1999\/xlink\" x=\"0px\" y=\"0px\" viewBox=\"0 0 21.47 12.38\" xml:space=\"preserve\" width=\"20\" height=\"20\">\n<polygon fill=\"#003039\" points=\"20.04,12.38 10.74,2.86 1.43,12.38 0,10.98 10.74,0 21.47,10.98 \"><\/polygon>\n<\/svg>\t<\/div>\t<div class=\"en-acc-content\"><div class=\"kursstufenintro\" style=\"font-weight: bold;\"><p>Builder: solide bis fortgeschrittene Technik, gute Musikalit\u00e4t<\/p><\/div><div class=\"en-acc-row en-columns-5\"><a href=\"https:\/\/momentocubano.com\/en\/\/kursanmeldung\/?&#038;signup&#038;meineanmeldungzu=1273\" class=\"kursanmeldelink\" data-kursnr=\"1273\"><div class=\"kurswtag\">Sonntag<\/div><div class=\"vonbis\">10.05.2026<\/div><div class=\"lektionen\">1 x 120 Min.<\/div><div class=\"zeiten\">12:00 bis 14:00<\/div><\/a><\/div><\/div><\/div><div class=\"en-acc-section en-acc-open\">\t<div class=\"en-acc-heading\"><h3>Abakua Workshop &#8211; only for men &#8211; Open Level<\/h3><svg id=\"Ebene_1\" xmlns=\"http:\/\/www.w3.org\/2000\/svg\" xmlns:xlink=\"http:\/\/www.w3.org\/1999\/xlink\" x=\"0px\" y=\"0px\" viewBox=\"0 0 21.47 12.38\" xml:space=\"preserve\" width=\"20\" height=\"20\">\n<polygon fill=\"#003039\" points=\"20.04,12.38 10.74,2.86 1.43,12.38 0,10.98 10.74,0 21.47,10.98 \"><\/polygon>\n<\/svg>\t<\/div>\t<div class=\"en-acc-content\"><div class=\"kursstufenintro\" style=\"font-weight: bold;\"><p>Hier liegt der Fokus auf Flexibilit\u00e4t, Spa\u00df und individuellem Lerntempo.<\/p><\/div><div class=\"kursinfobox\" style=\"text-align: left;\"><p>Abaku\u00e1 ist ein kraftvoller afro-kubanischer Tanz mit tiefen rituellen und kulturellen Wurzeln. In diesem Kurs besch\u00e4ftigen sich die Teilnehmenden mit den Bewegungsprinzipien, der Energie und dem Rhythmus des Abaku\u00e1-Stils, der besonders durch St\u00e4rke, Erdung und pr\u00e4zise K\u00f6rperspannung gekennzeichnet ist.<\/p><\/div><div class=\"en-acc-row en-columns-5\"><a href=\"https:\/\/momentocubano.com\/en\/\/kursanmeldung\/?&#038;signup&#038;meineanmeldungzu=1275\" class=\"kursanmeldelink\" data-kursnr=\"1275\"><div class=\"kurswtag\">Sonntag<\/div><div class=\"vonbis\">17.05.2026<\/div><div class=\"lektionen\">1 x 120 Min.<\/div><div class=\"zeiten\">16:45 bis 18:45<\/div><\/a><\/div><\/div><\/div><\/div>\t\t\t\t\t\t\t\t<\/div>\n\t\t\t\t<\/div>\n\t\t\t\t<\/div>\n\t\t\t\t\t<\/div>\n\t\t\t\t<\/div>\n\t\t<div class=\"elementor-element elementor-element-3e2f6db e-flex e-con-boxed e-con e-parent\" data-id=\"3e2f6db\" data-element_type=\"container\" data-e-type=\"container\" data-settings=\"{&quot;background_background&quot;:&quot;classic&quot;}\">\n\t\t\t\t\t<div class=\"e-con-inner\">\n\t\t\t\t<div class=\"elementor-element elementor-element-fb42e43 elementor-widget elementor-widget-shortcode\" data-id=\"fb42e43\" data-element_type=\"widget\" data-e-type=\"widget\" data-widget_type=\"shortcode.default\">\n\t\t\t\t<div class=\"elementor-widget-container\">\n\t\t\t\t\t\t\t<div class=\"elementor-shortcode\"><div class=\"en-accordion\"><div class=\"en-acc-section en-acc-open\">\t<div class=\"en-acc-heading\"><h3>Workshop 3 w\/ Fabien - Timba musicality (advanced)<\/h3><svg id=\"Ebene_1\" xmlns=\"http:\/\/www.w3.org\/2000\/svg\" xmlns:xlink=\"http:\/\/www.w3.org\/1999\/xlink\" x=\"0px\" y=\"0px\" viewBox=\"0 0 21.47 12.38\" xml:space=\"preserve\" width=\"20\" height=\"20\">\n<polygon fill=\"#003039\" points=\"20.04,12.38 10.74,2.86 1.43,12.38 0,10.98 10.74,0 21.47,10.98 \"><\/polygon>\n<\/svg>\t<\/div>\t<div class=\"en-acc-content\"><div class=\"kursstufenintro\" style=\"font-weight: bold;\"><p>Challenger: aktive Arbeit an Schw\u00e4chen, kontrollierte Ausf\u00fchrungsperformance&nbsp;<\/p><\/div><div class=\"en-acc-row en-columns-5\"><a href=\"https:\/\/momentocubano.com\/en\/\/kursanmeldung\/?&signup&meineanmeldungzu=1299\" class=\"kursanmeldelink\" data-kursnr=\"1299\"><div class=\"kurswtag\">Samstag<\/div><div class=\"vonbis\">09.05.2026<\/div><div class=\"lektionen\">1 x 60 Min.<\/div><div class=\"zeiten\">17:15 bis 18:15<\/div><\/a><\/div><\/div><\/div><div class=\"en-acc-section en-acc-open\">\t<div class=\"en-acc-heading\"><h3>Workshop 4 w\/ Fabien - Salsa con HipHop<\/h3><svg id=\"Ebene_1\" xmlns=\"http:\/\/www.w3.org\/2000\/svg\" xmlns:xlink=\"http:\/\/www.w3.org\/1999\/xlink\" x=\"0px\" y=\"0px\" viewBox=\"0 0 21.47 12.38\" xml:space=\"preserve\" width=\"20\" height=\"20\">\n<polygon fill=\"#003039\" points=\"20.04,12.38 10.74,2.86 1.43,12.38 0,10.98 10.74,0 21.47,10.98 \"><\/polygon>\n<\/svg>\t<\/div>\t<div class=\"en-acc-content\"><div class=\"kursstufenintro\" style=\"font-weight: bold;\"><p>Aktive Arbeit an Schw\u00e4chen, kontrollierte Ausf\u00fchrungsperformanz.<\/p><\/div><div class=\"en-acc-row en-columns-5\"><a href=\"https:\/\/momentocubano.com\/en\/\/kursanmeldung\/?&signup&meineanmeldungzu=1305\" class=\"kursanmeldelink\" data-kursnr=\"1305\"><div class=\"kurswtag\">Samstag<\/div><div class=\"vonbis\">09.05.2026<\/div><div class=\"lektionen\">1 x 60 Min.<\/div><div class=\"zeiten\">18:30 bis 19:30<\/div><\/a><\/div><\/div><\/div><div class=\"en-acc-section en-acc-open\">\t<div class=\"en-acc-heading\"><h3>Workshop 1 w\/ Fabien - Body  movement foundations<\/h3><svg id=\"Ebene_1\" xmlns=\"http:\/\/www.w3.org\/2000\/svg\" xmlns:xlink=\"http:\/\/www.w3.org\/1999\/xlink\" x=\"0px\" y=\"0px\" viewBox=\"0 0 21.47 12.38\" xml:space=\"preserve\" width=\"20\" height=\"20\">\n<polygon fill=\"#003039\" points=\"20.04,12.38 10.74,2.86 1.43,12.38 0,10.98 10.74,0 21.47,10.98 \"><\/polygon>\n<\/svg>\t<\/div>\t<div class=\"en-acc-content\"><div class=\"kursstufenintro\" style=\"font-weight: bold;\"><p>Hier liegt der Fokus auf Flexibilit\u00e4t, Spa\u00df und individuellem Lerntempo.<\/p><\/div><div class=\"en-acc-row en-columns-5\"><a href=\"https:\/\/momentocubano.com\/en\/\/kursanmeldung\/?&signup&meineanmeldungzu=1296\" class=\"kursanmeldelink\" data-kursnr=\"1296\"><div class=\"kurswtag\">Samstag<\/div><div class=\"vonbis\">09.05.2026<\/div><div class=\"lektionen\">1 x 60 Min.<\/div><div class=\"zeiten\">14:30 bis 15:30<\/div><\/a><\/div><\/div><\/div><div class=\"en-acc-section en-acc-open\">\t<div class=\"en-acc-heading\"><h3>Workshop 2 w\/ Fabien - Timba musicality (open level)<\/h3><svg id=\"Ebene_1\" xmlns=\"http:\/\/www.w3.org\/2000\/svg\" xmlns:xlink=\"http:\/\/www.w3.org\/1999\/xlink\" x=\"0px\" y=\"0px\" viewBox=\"0 0 21.47 12.38\" xml:space=\"preserve\" width=\"20\" height=\"20\">\n<polygon fill=\"#003039\" points=\"20.04,12.38 10.74,2.86 1.43,12.38 0,10.98 10.74,0 21.47,10.98 \"><\/polygon>\n<\/svg>\t<\/div>\t<div class=\"en-acc-content\"><div class=\"kursstufenintro\" style=\"font-weight: bold;\"><p>Hier liegt der Fokus auf Flexibilit\u00e4t, Spa\u00df und individuellem Lerntempo.<\/p><\/div><div class=\"en-acc-row en-columns-5\"><a href=\"https:\/\/momentocubano.com\/en\/\/kursanmeldung\/?&signup&meineanmeldungzu=1297\" class=\"kursanmeldelink\" data-kursnr=\"1297\"><div class=\"kurswtag\">Samstag<\/div><div class=\"vonbis\">09.05.2026<\/div><div class=\"lektionen\">1 x 60 Min.<\/div><div class=\"zeiten\">15:45 bis 16:45<\/div><\/a><\/div><\/div><\/div><div class=\"en-acc-section en-acc-open\">\t<div class=\"en-acc-heading\"><h3>\"Bad Bunny\", Part 2<\/h3><svg id=\"Ebene_1\" xmlns=\"http:\/\/www.w3.org\/2000\/svg\" xmlns:xlink=\"http:\/\/www.w3.org\/1999\/xlink\" x=\"0px\" y=\"0px\" viewBox=\"0 0 21.47 12.38\" xml:space=\"preserve\" width=\"20\" height=\"20\">\n<polygon fill=\"#003039\" points=\"20.04,12.38 10.74,2.86 1.43,12.38 0,10.98 10.74,0 21.47,10.98 \"><\/polygon>\n<\/svg>\t<\/div>\t<div class=\"en-acc-content\"><div class=\"kursstufenintro\" style=\"font-weight: bold;\"><p>Hier liegt der Fokus auf Flexibilit\u00e4t, Spa\u00df und individuellem Lerntempo.<\/p><\/div><div class=\"en-acc-row en-columns-5\"><a href=\"https:\/\/momentocubano.com\/en\/\/kursanmeldung\/?&signup&meineanmeldungzu=1250\" class=\"kursanmeldelink\" data-kursnr=\"1250\"><div class=\"kurswtag\">Samstag<\/div><div class=\"vonbis\">30.05.2026<\/div><div class=\"lektionen\">1 x 120 Min.<\/div><div class=\"zeiten\">16:45 bis 18:45<\/div><\/a><\/div><\/div><\/div><\/div><\/div>\n\t\t\t\t\t\t<\/div>\n\t\t\t\t<\/div>\n\t\t\t\t\t<\/div>\n\t\t\t\t<\/div>\n\t\t<div class=\"elementor-element elementor-element-aab7cef e-flex e-con-boxed e-con e-parent\" data-id=\"aab7cef\" data-element_type=\"container\" data-e-type=\"container\">\n\t\t\t\t\t<div class=\"e-con-inner\">\n\t\t\t\t<div class=\"elementor-element elementor-element-9fa7224 elementor-widget elementor-widget-heading\" data-id=\"9fa7224\" data-element_type=\"widget\" data-e-type=\"widget\" data-widget_type=\"heading.default\">\n\t\t\t\t<div class=\"elementor-widget-container\">\n\t\t\t\t\t<h2 class=\"elementor-heading-title elementor-size-default\">!!! Current Special Courses !!! <\/h2>\t\t\t\t<\/div>\n\t\t\t\t<\/div>\n\t\t<div class=\"elementor-element elementor-element-3710297 e-con-full e-flex e-con e-child\" data-id=\"3710297\" data-element_type=\"container\" data-e-type=\"container\">\n\t\t<div class=\"elementor-element elementor-element-68e6db7 e-con-full e-flex e-con e-child\" data-id=\"68e6db7\" data-element_type=\"container\" data-e-type=\"container\">\n\t\t\t\t<div class=\"elementor-element elementor-element-e1a5b2b elementor-widget elementor-widget-image\" data-id=\"e1a5b2b\" data-element_type=\"widget\" data-e-type=\"widget\" data-widget_type=\"image.default\">\n\t\t\t\t<div class=\"elementor-widget-container\">\n\t\t\t\t\t\t\t\t\t\t\t\t\t\t\t<img fetchpriority=\"high\" decoding=\"async\" width=\"819\" height=\"1024\" src=\"https:\/\/momentocubano.com\/wp-content\/uploads\/2026\/03\/fabian-819x1024.jpeg\" class=\"attachment-large size-large wp-image-9301\" alt=\"fabian\" srcset=\"https:\/\/momentocubano.com\/wp-content\/uploads\/2026\/03\/fabian-819x1024.jpeg 819w, https:\/\/momentocubano.com\/wp-content\/uploads\/2026\/03\/fabian-240x300.jpeg 240w, https:\/\/momentocubano.com\/wp-content\/uploads\/2026\/03\/fabian-768x960.jpeg 768w, https:\/\/momentocubano.com\/wp-content\/uploads\/2026\/03\/fabian.jpeg 1080w\" sizes=\"(max-width: 819px) 100vw, 819px\" title=\"Special courses\">\t\t\t\t\t\t\t\t\t\t\t\t\t\t\t<\/div>\n\t\t\t\t<\/div>\n\t\t\t\t<\/div>\n\t\t<div class=\"elementor-element elementor-element-4e46832 e-con-full e-flex e-con e-child\" data-id=\"4e46832\" data-element_type=\"container\" data-e-type=\"container\">\n\t\t\t\t<div class=\"elementor-element elementor-element-823f3ab elementor-widget elementor-widget-image\" data-id=\"823f3ab\" data-element_type=\"widget\" data-e-type=\"widget\" data-widget_type=\"image.default\">\n\t\t\t\t<div class=\"elementor-widget-container\">\n\t\t\t\t\t\t\t\t\t\t\t\t\t\t\t<img decoding=\"async\" width=\"570\" height=\"1024\" src=\"https:\/\/momentocubano.com\/wp-content\/uploads\/2026\/03\/bad-bunny2-570x1024.jpeg\" class=\"attachment-large size-large wp-image-9329\" alt=\"bad bunny2\" srcset=\"https:\/\/momentocubano.com\/wp-content\/uploads\/2026\/03\/bad-bunny2-570x1024.jpeg 570w, https:\/\/momentocubano.com\/wp-content\/uploads\/2026\/03\/bad-bunny2-167x300.jpeg 167w, https:\/\/momentocubano.com\/wp-content\/uploads\/2026\/03\/bad-bunny2-768x1380.jpeg 768w, https:\/\/momentocubano.com\/wp-content\/uploads\/2026\/03\/bad-bunny2-855x1536.jpeg 855w, https:\/\/momentocubano.com\/wp-content\/uploads\/2026\/03\/bad-bunny2.jpeg 1140w\" sizes=\"(max-width: 570px) 100vw, 570px\" title=\"Special courses\">\t\t\t\t\t\t\t\t\t\t\t\t\t\t\t<\/div>\n\t\t\t\t<\/div>\n\t\t\t\t<\/div>\n\t\t\t\t<\/div>\n\t\t\t\t\t<\/div>\n\t\t\t\t<\/div>\n\t\t\t\t<\/div>\n\t\t\n    <div class=\"xs_social_share_widget xs_share_url after_content \t\tmain_content  wslu-style-1 wslu-share-box-shaped wslu-fill-colored wslu-none wslu-share-horizontal wslu-theme-font-no wslu-main_content\">\n\n\t\t\n        <ul>\n\t\t\t        <\/ul>\n    <\/div> \n","protected":false},"excerpt":{"rendered":"<p>Special courses Current Salsa Cubana Courses !!! Current Special Courses !!!<\/p>\n","protected":false},"author":2,"featured_media":0,"parent":0,"menu_order":0,"comment_status":"closed","ping_status":"closed","template":"elementor_header_footer","meta":{"site-sidebar-layout":"no-sidebar","site-content-layout":"page-builder","ast-site-content-layout":"full-width-container","site-content-style":"unboxed","site-sidebar-style":"unboxed","ast-global-header-display":"","ast-banner-title-visibility":"","ast-main-header-display":"","ast-hfb-above-header-display":"","ast-hfb-below-header-display":"","ast-hfb-mobile-header-display":"","site-post-title":"","ast-breadcrumbs-content":"","ast-featured-img":"disabled","footer-sml-layout":"","ast-disable-related-posts":"","theme-transparent-header-meta":"enabled","adv-header-id-meta":"","stick-header-meta":"","header-above-stick-meta":"","header-main-stick-meta":"","header-below-stick-meta":"","astra-migrate-meta-layouts":"default","ast-page-background-enabled":"default","ast-page-background-meta":{"desktop":{"background-color":"","background-image":"","background-repeat":"repeat","background-position":"center center","background-size":"auto","background-attachment":"scroll","background-type":"","background-media":"","overlay-type":"","overlay-color":"","overlay-opacity":"","overlay-gradient":""},"tablet":{"background-color":"","background-image":"","background-repeat":"repeat","background-position":"center center","background-size":"auto","background-attachment":"scroll","background-type":"","background-media":"","overlay-type":"","overlay-color":"","overlay-opacity":"","overlay-gradient":""},"mobile":{"background-color":"","background-image":"","background-repeat":"repeat","background-position":"center center","background-size":"auto","background-attachment":"scroll","background-type":"","background-media":"","overlay-type":"","overlay-color":"","overlay-opacity":"","overlay-gradient":""}},"ast-content-background-meta":{"desktop":{"background-color":"var(--ast-global-color-5)","background-image":"","background-repeat":"repeat","background-position":"center center","background-size":"auto","background-attachment":"scroll","background-type":"","background-media":"","overlay-type":"","overlay-color":"","overlay-opacity":"","overlay-gradient":""},"tablet":{"background-color":"var(--ast-global-color-5)","background-image":"","background-repeat":"repeat","background-position":"center center","background-size":"auto","background-attachment":"scroll","background-type":"","background-media":"","overlay-type":"","overlay-color":"","overlay-opacity":"","overlay-gradient":""},"mobile":{"background-color":"var(--ast-global-color-5)","background-image":"","background-repeat":"repeat","background-position":"center center","background-size":"auto","background-attachment":"scroll","background-type":"","background-media":"","overlay-type":"","overlay-color":"","overlay-opacity":"","overlay-gradient":""}},"footnotes":""},"class_list":["post-10295","page","type-page","status-publish","hentry"],"_links":{"self":[{"href":"https:\/\/momentocubano.com\/en\/wp-json\/wp\/v2\/pages\/10295","targetHints":{"allow":["GET"]}}],"collection":[{"href":"https:\/\/momentocubano.com\/en\/wp-json\/wp\/v2\/pages"}],"about":[{"href":"https:\/\/momentocubano.com\/en\/wp-json\/wp\/v2\/types\/page"}],"author":[{"embeddable":true,"href":"https:\/\/momentocubano.com\/en\/wp-json\/wp\/v2\/users\/2"}],"replies":[{"embeddable":true,"href":"https:\/\/momentocubano.com\/en\/wp-json\/wp\/v2\/comments?post=10295"}],"version-history":[{"count":1,"href":"https:\/\/momentocubano.com\/en\/wp-json\/wp\/v2\/pages\/10295\/revisions"}],"predecessor-version":[{"id":10303,"href":"https:\/\/momentocubano.com\/en\/wp-json\/wp\/v2\/pages\/10295\/revisions\/10303"}],"wp:attachment":[{"href":"https:\/\/momentocubano.com\/en\/wp-json\/wp\/v2\/media?parent=10295"}],"curies":[{"name":"wp","href":"https:\/\/api.w.org\/{rel}","templated":true}]}}